{"id":8,"date":"2025-05-19T09:17:08","date_gmt":"2025-05-19T09:17:08","guid":{"rendered":"https:\/\/blog.123montessori.fr\/?page_id=8"},"modified":"2025-06-16T15:25:03","modified_gmt":"2025-06-16T15:25:03","slug":"nouveautes-sur-le-site","status":"publish","type":"page","link":"https:\/\/blog.123montessori.fr\/?page_id=8","title":{"rendered":"\u00c0 la une !"},"content":{"rendered":"\n<div class=\"wp-block-group alignfull\" style=\"margin-top:0;margin-bottom:0;padding-top:var(--wp--preset--spacing--50);padding-bottom:var(--wp--preset--spacing--50)\"><div class=\"wp-block-group__inner-container is-layout-constrained wp-block-group-is-layout-constrained\">\n<div class=\"wp-block-columns alignwide are-vertically-aligned-center is-layout-flex wp-container-core-columns-is-layout-30f78326 wp-block-columns-is-layout-flex\">\n<div class=\"wp-block-column is-vertically-aligned-center is-layout-flow wp-block-column-is-layout-flow\" style=\"flex-basis:56%\">\n<figure class=\"wp-block-image size-full is-resized\"><a href=\"https:\/\/123montessori.fr\/\" target=\"_blank\" rel=\" noreferrer noopener\"><img loading=\"lazy\" decoding=\"async\" width=\"600\" height=\"600\" src=\"https:\/\/blog.123montessori.fr\/wp-content\/uploads\/2025\/06\/84-Commode-16-tiroirs-4.jpg\" alt=\"\" class=\"wp-image-52\" style=\"object-fit:cover;width:413px;height:auto\" srcset=\"https:\/\/blog.123montessori.fr\/wp-content\/uploads\/2025\/06\/84-Commode-16-tiroirs-4.jpg 600w, https:\/\/blog.123montessori.fr\/wp-content\/uploads\/2025\/06\/84-Commode-16-tiroirs-4-300x300.jpg 300w, https:\/\/blog.123montessori.fr\/wp-content\/uploads\/2025\/06\/84-Commode-16-tiroirs-4-150x150.jpg 150w\" sizes=\"auto, (max-width: 600px) 100vw, 600px\" \/><\/a><\/figure>\n<\/div>\n\n\n\n<div class=\"wp-block-column is-vertically-aligned-center is-layout-flow wp-block-column-is-layout-flow\">\n<h2 class=\"wp-block-heading\"><a href=\"https:\/\/123montessori.fr\/57-cfrp-montessori\" target=\"_blank\" rel=\"noreferrer noopener\">Nouveaux produits en ligne<\/a><\/h2>\n\n\n\n<p><a href=\"https:\/\/123montessori.fr\/57-cfrp-montessori\" target=\"_blank\" rel=\"noreferrer noopener\">Nous avons travaill\u00e9 depuis plus d&rsquo;un an avec l&rsquo;organisme de formation CFRPMontessori pour cr\u00e9er des produits qui correspondent \u00e0 leur formation. Venez les d\u00e9couvrir !<\/a><\/p>\n\n\n\n<div class=\"wp-block-buttons is-layout-flex wp-block-buttons-is-layout-flex\">\n<div class=\"wp-block-button\"><a class=\"wp-block-button__link wp-element-button\" href=\"https:\/\/123montessori.fr\/57-cfrp-montessori\" target=\"_blank\" rel=\"noreferrer noopener\">En savoir plus<\/a><\/div>\n<\/div>\n<\/div>\n<\/div>\n<\/div><\/div>\n\n\n\n<div class=\"wp-block-group alignfull\" style=\"margin-top:0;margin-bottom:0;padding-top:var(--wp--preset--spacing--50);padding-bottom:var(--wp--preset--spacing--50)\"><div class=\"wp-block-group__inner-container is-layout-constrained wp-block-group-is-layout-constrained\">\n<div class=\"wp-block-group alignwide is-layout-grid wp-container-core-group-is-layout-44da8b3d wp-block-group-is-layout-grid\">\n<div class=\"wp-block-group is-vertical is-layout-flex wp-container-core-group-is-layout-76a81b31 wp-block-group-is-layout-flex\">\n<h2 class=\"wp-block-heading has-x-large-font-size\">Cat\u00e9gories principales<\/h2>\n<\/div>\n\n\n\n<div class=\"wp-block-group is-vertical is-content-justification-stretch is-layout-flex wp-container-core-group-is-layout-b16ad781 wp-block-group-is-layout-flex\">\n<div class=\"wp-block-columns is-layout-flex wp-container-core-columns-is-layout-9d6595d7 wp-block-columns-is-layout-flex\">\n<div class=\"wp-block-column is-layout-flow wp-block-column-is-layout-flow\" style=\"flex-basis:100%\">\n<figure class=\"wp-block-image size-large\"><img loading=\"lazy\" decoding=\"async\" width=\"1006\" height=\"1024\" src=\"https:\/\/blog.123montessori.fr\/wp-content\/uploads\/2025\/05\/Lire2-2-1006x1024.jpg\" alt=\"\" class=\"wp-image-33\" style=\"aspect-ratio:1;object-fit:cover\" srcset=\"https:\/\/blog.123montessori.fr\/wp-content\/uploads\/2025\/05\/Lire2-2-1006x1024.jpg 1006w, https:\/\/blog.123montessori.fr\/wp-content\/uploads\/2025\/05\/Lire2-2-295x300.jpg 295w, https:\/\/blog.123montessori.fr\/wp-content\/uploads\/2025\/05\/Lire2-2-768x782.jpg 768w, https:\/\/blog.123montessori.fr\/wp-content\/uploads\/2025\/05\/Lire2-2-1509x1536.jpg 1509w, https:\/\/blog.123montessori.fr\/wp-content\/uploads\/2025\/05\/Lire2-2-2012x2048.jpg 2012w\" sizes=\"auto, (max-width: 1006px) 100vw, 1006px\" \/><\/figure>\n<\/div>\n<\/div>\n\n\n\n<p class=\"has-text-align-center\"><a href=\"https:\/\/blog.123montessori.fr\/?cat=4\" data-type=\"category\" data-id=\"4\">Nos engagements<\/a><\/p>\n<\/div>\n\n\n\n<div class=\"wp-block-group is-vertical is-content-justification-stretch is-layout-flex wp-container-core-group-is-layout-b16ad781 wp-block-group-is-layout-flex\">\n<figure class=\"wp-block-image size-full\"><img loading=\"lazy\" decoding=\"async\" width=\"600\" height=\"600\" src=\"https:\/\/blog.123montessori.fr\/wp-content\/uploads\/2025\/05\/15-Cabinet-pour-cercles-carres-triangles-partages-R75.jpg\" alt=\"\" class=\"wp-image-48\" style=\"aspect-ratio:1;object-fit:cover\" srcset=\"https:\/\/blog.123montessori.fr\/wp-content\/uploads\/2025\/05\/15-Cabinet-pour-cercles-carres-triangles-partages-R75.jpg 600w, https:\/\/blog.123montessori.fr\/wp-content\/uploads\/2025\/05\/15-Cabinet-pour-cercles-carres-triangles-partages-R75-300x300.jpg 300w, https:\/\/blog.123montessori.fr\/wp-content\/uploads\/2025\/05\/15-Cabinet-pour-cercles-carres-triangles-partages-R75-150x150.jpg 150w\" sizes=\"auto, (max-width: 600px) 100vw, 600px\" \/><\/figure>\n\n\n\n<p class=\"has-text-align-center\"><a href=\"https:\/\/blog.123montessori.fr\/?cat=5\" data-type=\"category\" data-id=\"5\">Math\u00e9matiques<\/a><\/p>\n<\/div>\n\n\n\n<div class=\"wp-block-group is-vertical is-content-justification-stretch is-layout-flex wp-container-core-group-is-layout-b16ad781 wp-block-group-is-layout-flex\">\n<figure class=\"wp-block-image size-full\"><img loading=\"lazy\" decoding=\"async\" width=\"567\" height=\"492\" src=\"https:\/\/blog.123montessori.fr\/wp-content\/uploads\/2025\/06\/Grand-alphabet-Rachel-1.jpg\" alt=\"\" class=\"wp-image-485\" style=\"aspect-ratio:1;object-fit:cover\" srcset=\"https:\/\/blog.123montessori.fr\/wp-content\/uploads\/2025\/06\/Grand-alphabet-Rachel-1.jpg 567w, https:\/\/blog.123montessori.fr\/wp-content\/uploads\/2025\/06\/Grand-alphabet-Rachel-1-300x260.jpg 300w\" sizes=\"auto, (max-width: 567px) 100vw, 567px\" \/><\/figure>\n\n\n\n<p class=\"has-text-align-center\"><a href=\"https:\/\/blog.123montessori.fr\/?cat=6\" data-type=\"category\" data-id=\"6\">Langage<\/a><\/p>\n<\/div>\n<\/div>\n<\/div><\/div>\n\n\n\n<div class=\"wp-block-group alignfull\" style=\"margin-top:0;margin-bottom:0;padding-top:var(--wp--preset--spacing--50);padding-bottom:var(--wp--preset--spacing--50)\"><div class=\"wp-block-group__inner-container is-layout-constrained wp-block-group-is-layout-constrained\">\n<div class=\"wp-block-group alignwide is-layout-grid wp-container-core-group-is-layout-7700e1c4 wp-block-group-is-layout-grid\">\n<div class=\"wp-block-group is-style-section-3\" style=\"min-height:297px\"><div class=\"wp-block-group__inner-container is-layout-constrained wp-block-group-is-layout-constrained\">\n<div class=\"wp-block-group is-vertical is-content-justification-center is-layout-flex wp-container-core-group-is-layout-8e82d9b7 wp-block-group-is-layout-flex\" style=\"min-height:100%\">\n<h2 class=\"wp-block-heading has-large-font-size\">Nos liens<\/h2>\n\n\n\n<p class=\"has-text-align-center has-medium-font-size\"><a href=\"https:\/\/linktr.ee\/123montessori\">123montessori<\/a><\/p>\n<\/div>\n<\/div><\/div>\n\n\n\n<div class=\"wp-block-cover\" style=\"min-height:297px;aspect-ratio:unset;\"><img loading=\"lazy\" decoding=\"async\" width=\"600\" height=\"600\" class=\"wp-block-cover__image-background wp-image-90\" alt=\"\" src=\"https:\/\/blog.123montessori.fr\/wp-content\/uploads\/2025\/06\/Cartes-pour-le-cabinet-de-geometrie-bleu-pdf.jpg\" data-object-fit=\"cover\" srcset=\"https:\/\/blog.123montessori.fr\/wp-content\/uploads\/2025\/06\/Cartes-pour-le-cabinet-de-geometrie-bleu-pdf.jpg 600w, https:\/\/blog.123montessori.fr\/wp-content\/uploads\/2025\/06\/Cartes-pour-le-cabinet-de-geometrie-bleu-pdf-300x300.jpg 300w, https:\/\/blog.123montessori.fr\/wp-content\/uploads\/2025\/06\/Cartes-pour-le-cabinet-de-geometrie-bleu-pdf-150x150.jpg 150w\" sizes=\"auto, (max-width: 600px) 100vw, 600px\" \/><span aria-hidden=\"true\" class=\"wp-block-cover__background has-background-dim\"><\/span><div class=\"wp-block-cover__inner-container is-layout-flow wp-block-cover-is-layout-flow\">\n<h2 class=\"wp-block-heading\"><a href=\"https:\/\/blog.123montessori.fr\/?cat=7\" target=\"_blank\" rel=\"noreferrer noopener\">G\u00e9om\u00e9trie<\/a><\/h2>\n\n\n\n<p class=\"has-text-align-center has-large-font-size\"><\/p>\n<\/div><\/div>\n\n\n\n<div class=\"wp-block-cover\" style=\"min-height:295px;aspect-ratio:unset;\"><img loading=\"lazy\" decoding=\"async\" width=\"600\" height=\"600\" class=\"wp-block-cover__image-background wp-image-104\" alt=\"\" src=\"https:\/\/blog.123montessori.fr\/wp-content\/uploads\/2025\/06\/25-table-de-pythagore-sensorielle-1.jpg\" data-object-fit=\"cover\" srcset=\"https:\/\/blog.123montessori.fr\/wp-content\/uploads\/2025\/06\/25-table-de-pythagore-sensorielle-1.jpg 600w, https:\/\/blog.123montessori.fr\/wp-content\/uploads\/2025\/06\/25-table-de-pythagore-sensorielle-1-300x300.jpg 300w, https:\/\/blog.123montessori.fr\/wp-content\/uploads\/2025\/06\/25-table-de-pythagore-sensorielle-1-150x150.jpg 150w\" sizes=\"auto, (max-width: 600px) 100vw, 600px\" \/><span aria-hidden=\"true\" class=\"wp-block-cover__background has-background-dim\"><\/span><div class=\"wp-block-cover__inner-container is-layout-flow wp-block-cover-is-layout-flow\">\n<p><\/p>\n\n\n\n<h2 class=\"wp-block-heading has-text-align-center has-large-font-size\"><a href=\"https:\/\/blog.123montessori.fr\/?cat=9\" target=\"_blank\" rel=\"noreferrer noopener\">Vie sensorielle<\/a><\/h2>\n\n\n\n<p><\/p>\n<\/div><\/div>\n\n\n\n<div class=\"wp-block-cover\" style=\"min-height:299px;aspect-ratio:unset;\"><img loading=\"lazy\" decoding=\"async\" width=\"600\" height=\"600\" class=\"wp-block-cover__image-background wp-image-492\" alt=\"\" src=\"https:\/\/blog.123montessori.fr\/wp-content\/uploads\/2025\/06\/Compter-en-sautant-2.jpg\" data-object-fit=\"cover\" srcset=\"https:\/\/blog.123montessori.fr\/wp-content\/uploads\/2025\/06\/Compter-en-sautant-2.jpg 600w, https:\/\/blog.123montessori.fr\/wp-content\/uploads\/2025\/06\/Compter-en-sautant-2-300x300.jpg 300w, https:\/\/blog.123montessori.fr\/wp-content\/uploads\/2025\/06\/Compter-en-sautant-2-150x150.jpg 150w\" sizes=\"auto, (max-width: 600px) 100vw, 600px\" \/><span aria-hidden=\"true\" class=\"wp-block-cover__background has-background-dim\"><\/span><div class=\"wp-block-cover__inner-container is-layout-flow wp-block-cover-is-layout-flow\">\n<p class=\"has-text-align-center has-large-font-size\"><a href=\"https:\/\/blog.123montessori.fr\/?cat=30\" target=\"_blank\" rel=\"noreferrer noopener\">Multiplications<\/a><\/p>\n<\/div><\/div>\n\n\n\n<div class=\"wp-block-cover\" style=\"min-height:297px;aspect-ratio:unset;\"><img loading=\"lazy\" decoding=\"async\" width=\"600\" height=\"600\" class=\"wp-block-cover__image-background wp-image-493\" alt=\"\" src=\"https:\/\/blog.123montessori.fr\/wp-content\/uploads\/2025\/06\/C9.jpg\" data-object-fit=\"cover\" srcset=\"https:\/\/blog.123montessori.fr\/wp-content\/uploads\/2025\/06\/C9.jpg 600w, https:\/\/blog.123montessori.fr\/wp-content\/uploads\/2025\/06\/C9-300x300.jpg 300w, https:\/\/blog.123montessori.fr\/wp-content\/uploads\/2025\/06\/C9-150x150.jpg 150w\" sizes=\"auto, (max-width: 600px) 100vw, 600px\" \/><span aria-hidden=\"true\" class=\"wp-block-cover__background has-background-dim\"><\/span><div class=\"wp-block-cover__inner-container is-layout-flow wp-block-cover-is-layout-flow\">\n<p class=\"has-text-align-center has-large-font-size\"><a href=\"https:\/\/blog.123montessori.fr\/?cat=58\" target=\"_blank\" rel=\"noreferrer noopener\">Fractions<\/a><\/p>\n<\/div><\/div>\n\n\n\n<div class=\"wp-block-cover\" style=\"min-height:298px;aspect-ratio:unset;\"><img loading=\"lazy\" decoding=\"async\" width=\"2560\" height=\"1707\" class=\"wp-block-cover__image-background wp-image-494\" alt=\"\" src=\"https:\/\/blog.123montessori.fr\/wp-content\/uploads\/2025\/06\/puzzles-botanique-2pt-scaled.jpg\" data-object-fit=\"cover\" srcset=\"https:\/\/blog.123montessori.fr\/wp-content\/uploads\/2025\/06\/puzzles-botanique-2pt-scaled.jpg 2560w, https:\/\/blog.123montessori.fr\/wp-content\/uploads\/2025\/06\/puzzles-botanique-2pt-300x200.jpg 300w, https:\/\/blog.123montessori.fr\/wp-content\/uploads\/2025\/06\/puzzles-botanique-2pt-1024x683.jpg 1024w, https:\/\/blog.123montessori.fr\/wp-content\/uploads\/2025\/06\/puzzles-botanique-2pt-768x512.jpg 768w, https:\/\/blog.123montessori.fr\/wp-content\/uploads\/2025\/06\/puzzles-botanique-2pt-1536x1024.jpg 1536w, https:\/\/blog.123montessori.fr\/wp-content\/uploads\/2025\/06\/puzzles-botanique-2pt-2048x1365.jpg 2048w\" sizes=\"auto, (max-width: 2560px) 100vw, 2560px\" \/><span aria-hidden=\"true\" class=\"wp-block-cover__background has-background-dim\"><\/span><div class=\"wp-block-cover__inner-container is-layout-flow wp-block-cover-is-layout-flow\">\n<p class=\"has-text-align-center has-large-font-size\"><a href=\"https:\/\/blog.123montessori.fr\/?cat=102\" target=\"_blank\" rel=\"noreferrer noopener\">Botanique<\/a><\/p>\n<\/div><\/div>\n\n\n\n<div class=\"wp-block-cover\" style=\"min-height:297px;aspect-ratio:unset;\"><img loading=\"lazy\" decoding=\"async\" width=\"600\" height=\"600\" class=\"wp-block-cover__image-background wp-image-495\" alt=\"\" src=\"https:\/\/blog.123montessori.fr\/wp-content\/uploads\/2025\/06\/A-planisphere.jpg\" data-object-fit=\"cover\" srcset=\"https:\/\/blog.123montessori.fr\/wp-content\/uploads\/2025\/06\/A-planisphere.jpg 600w, https:\/\/blog.123montessori.fr\/wp-content\/uploads\/2025\/06\/A-planisphere-300x300.jpg 300w, https:\/\/blog.123montessori.fr\/wp-content\/uploads\/2025\/06\/A-planisphere-150x150.jpg 150w\" sizes=\"auto, (max-width: 600px) 100vw, 600px\" \/><span aria-hidden=\"true\" class=\"wp-block-cover__background has-background-dim\"><\/span><div class=\"wp-block-cover__inner-container is-layout-flow wp-block-cover-is-layout-flow\">\n<p class=\"has-text-align-center has-large-font-size\"><a href=\"https:\/\/blog.123montessori.fr\/?cat=6\" target=\"_blank\" rel=\"noreferrer noopener\">G\u00e9ographie<\/a><\/p>\n<\/div><\/div>\n\n\n\n<div class=\"wp-block-cover\" style=\"min-height:298px;aspect-ratio:unset;\"><img loading=\"lazy\" decoding=\"async\" width=\"1398\" height=\"1416\" class=\"wp-block-cover__image-background wp-image-497\" alt=\"\" src=\"https:\/\/blog.123montessori.fr\/wp-content\/uploads\/2025\/06\/boite-encastrement-evolutive-21.jpg\" data-object-fit=\"cover\" srcset=\"https:\/\/blog.123montessori.fr\/wp-content\/uploads\/2025\/06\/boite-encastrement-evolutive-21.jpg 1398w, https:\/\/blog.123montessori.fr\/wp-content\/uploads\/2025\/06\/boite-encastrement-evolutive-21-296x300.jpg 296w, https:\/\/blog.123montessori.fr\/wp-content\/uploads\/2025\/06\/boite-encastrement-evolutive-21-1011x1024.jpg 1011w, https:\/\/blog.123montessori.fr\/wp-content\/uploads\/2025\/06\/boite-encastrement-evolutive-21-768x778.jpg 768w\" sizes=\"auto, (max-width: 1398px) 100vw, 1398px\" \/><span aria-hidden=\"true\" class=\"wp-block-cover__background has-background-dim\"><\/span><div class=\"wp-block-cover__inner-container is-layout-flow wp-block-cover-is-layout-flow\">\n<p class=\"has-text-align-center has-large-font-size\"><a href=\"https:\/\/blog.123montessori.fr\/?cat=63\" target=\"_blank\" rel=\"noreferrer noopener\">Nido, petite enfance<\/a><\/p>\n<\/div><\/div>\n<\/div>\n<\/div><\/div>\n\n\n\n<p><\/p>\n","protected":false},"excerpt":{"rendered":"<p>Nouveaux produits en ligne Nous avons travaill\u00e9 depuis plus d&rsquo;un an avec l&rsquo;organisme de formation CFRPMontessori pour cr\u00e9er des produits qui correspondent \u00e0 leur formation. Venez les d\u00e9couvrir ! Cat\u00e9gories principales Nos engagements Math\u00e9matiques Langage&hellip; <a href=\"https:\/\/blog.123montessori.fr\/?page_id=8\">Plus<\/a><\/p>\n","protected":false},"author":1,"featured_media":0,"parent":0,"menu_order":0,"comment_status":"closed","ping_status":"closed","template":"","meta":{"footnotes":""},"class_list":["post-8","page","type-page","status-publish","hentry"],"jetpack_sharing_enabled":true,"_links":{"self":[{"href":"https:\/\/blog.123montessori.fr\/index.php?rest_route=\/wp\/v2\/pages\/8","targetHints":{"allow":["GET"]}}],"collection":[{"href":"https:\/\/blog.123montessori.fr\/index.php?rest_route=\/wp\/v2\/pages"}],"about":[{"href":"https:\/\/blog.123montessori.fr\/index.php?rest_route=\/wp\/v2\/types\/page"}],"author":[{"embeddable":true,"href":"https:\/\/blog.123montessori.fr\/index.php?rest_route=\/wp\/v2\/users\/1"}],"replies":[{"embeddable":true,"href":"https:\/\/blog.123montessori.fr\/index.php?rest_route=%2Fwp%2Fv2%2Fcomments&post=8"}],"version-history":[{"count":28,"href":"https:\/\/blog.123montessori.fr\/index.php?rest_route=\/wp\/v2\/pages\/8\/revisions"}],"predecessor-version":[{"id":508,"href":"https:\/\/blog.123montessori.fr\/index.php?rest_route=\/wp\/v2\/pages\/8\/revisions\/508"}],"wp:attachment":[{"href":"https:\/\/blog.123montessori.fr\/index.php?rest_route=%2Fwp%2Fv2%2Fmedia&parent=8"}],"curies":[{"name":"wp","href":"https:\/\/api.w.org\/{rel}","templated":true}]}}