{"id":542,"date":"2025-06-18T07:32:24","date_gmt":"2025-06-18T07:32:24","guid":{"rendered":"https:\/\/blog.123montessori.fr\/?page_id=542"},"modified":"2025-06-18T07:40:12","modified_gmt":"2025-06-18T07:40:12","slug":"utilisation-des-pigments-colores","status":"publish","type":"page","link":"https:\/\/blog.123montessori.fr\/?page_id=542","title":{"rendered":"Pigments color\u00e9s"},"content":{"rendered":"\n<p>Les pigments sont  vendus sur la boutique<\/p>\n\n\n<div class=\"wp-block-image\">\n<figure class=\"aligncenter\"><a href=\"https:\/\/123montessori.fr\/pigment-colore-sachet-de-5-g-90#\/18-couleurs-rouge\" target=\"_blank\" rel=\"noreferrer noopener\"><img decoding=\"async\" src=\"https:\/\/storage.canalblog.com\/82\/71\/1145379\/91243679.jpg\" alt=\"123 vente\"\/><\/a><\/figure>\n<\/div>\n\n\n<p><a href=\"https:\/\/123montessori.fr\/pigment-colore-sachet-de-5-g-90#\/18-couleurs-rouge\" target=\"_blank\" rel=\"noreferrer noopener\">Les pigments color\u00e9s peuvent servir directement m\u00e9lang\u00e9s avec de la cire liquide incolore.<\/a><\/p>\n\n\n\n<p>La cire qu&rsquo;on trouve en magasin, est souvent dilu\u00e9e \u00e0 l&rsquo;essence de t\u00e9r\u00e9benthine&#8230;<\/p>\n\n\n\n<p>Pour ma part, je d\u00e9laie un sachet de pigments avec 50 g de cire liquide, celle du commerce me va tr\u00e8s bien. Il faut qu&rsquo;elle soit incolore (dans les faits, elle est en g\u00e9n\u00e9ral jaune, mais le jaune ne se voit plus une fois qu&rsquo;on l&rsquo;a pass\u00e9e sur le support&#8230;)<\/p>\n\n\n\n<p>On peut aussi d\u00e9layer plus les pigments, la couleur sera alors un peu moins dense.<\/p>\n\n\n\n<p>Attention cependant, les pigments vendus sont tr\u00e8s volatiles (et efficaces), ils peuvent tacher v\u00eatements et objets. N&rsquo;oubliez pas de porter des gants de bricolage et de vous mettre sur un support adapt\u00e9.<\/p>\n\n\n\n<p>Vous pouvez voir sur cette table de Pythagore, peinte enti\u00e8rement avec des pigments d\u00e9lay\u00e9s \u00e0 la cire.<\/p>\n\n\n<div class=\"wp-block-image\">\n<figure class=\"aligncenter\"><a href=\"https:\/\/123montessori.fr\/table-de-pythagore-montessori-sensorielle-decanomial-63#\/83-table_de_pythagore_sensorielle-3_table_en_bois_15_euros\" target=\"_blank\" rel=\"noreferrer noopener\"><img decoding=\"async\" src=\"https:\/\/storage.canalblog.com\/74\/52\/1145379\/104290170.jpg\" alt=\"Table de pythagore en bois\"\/><\/a><\/figure>\n<\/div>\n\n\n<p>On peut aussi faire des m\u00e9langes, voici quelques \u00e9chantillons de m\u00e9langes que j&rsquo;ai faits :<\/p>\n\n\n<div class=\"wp-block-image\">\n<figure class=\"aligncenter\"><img decoding=\"async\" src=\"https:\/\/storage.canalblog.com\/86\/35\/1145379\/104290184.to_resize_150x3000.jpg\" alt=\"bleu ciel\"\/><\/figure>\n<\/div>\n\n\n<p>Bleu ciel avec du bleu fonc\u00e9 et du blanc (tr\u00e8s peu de bleu, beaucoup de blanc !)<\/p>\n\n\n<div class=\"wp-block-image\">\n<figure class=\"aligncenter\"><a href=\"https:\/\/storage.canalblog.com\/36\/75\/1145379\/104290188_o.jpg\" target=\"_blank\" rel=\"noreferrer noopener\"><img decoding=\"async\" src=\"https:\/\/storage.canalblog.com\/36\/75\/1145379\/104290188.to_resize_150x3000.jpg\" alt=\"rose\"\/><\/a><\/figure>\n<\/div>\n\n\n<p>Rose avec du bollywood et du blanc (tr\u00e8s peu de bollywood, beaucoup de blanc !)<\/p>\n\n\n<div class=\"wp-block-image\">\n<figure class=\"aligncenter\"><a href=\"https:\/\/storage.canalblog.com\/86\/44\/1145379\/104290190_o.jpg\" target=\"_blank\" rel=\"noreferrer noopener\"><img decoding=\"async\" src=\"https:\/\/storage.canalblog.com\/86\/44\/1145379\/104290190.to_resize_150x3000.jpg\" alt=\"vert clair\"\/><\/a><\/figure>\n<\/div>\n\n\n<p>Vert clair avec du vert et du blanc&nbsp; (tr\u00e8s peu de vert, beaucoup de blanc !)<\/p>\n\n\n<div class=\"wp-block-image\">\n<figure class=\"aligncenter\"><a href=\"https:\/\/storage.canalblog.com\/08\/67\/1145379\/104290196_o.jpg\" target=\"_blank\" rel=\"noreferrer noopener\"><img decoding=\"async\" src=\"https:\/\/storage.canalblog.com\/08\/67\/1145379\/104290196.to_resize_150x3000.jpg\" alt=\"violet\"\/><\/a><\/figure>\n<\/div>\n\n\n<p>Violet avec du bollywood et du bleu marine<\/p>\n\n\n\n<p>Je vous conseille dans ce cas de consacrer un pinceau, un chiffon, et une paire de gants \u00e0 chaque couleur.<\/p>\n\n\n\n<p>On passe une couche de cire, on lisse avec le chiffon et on laisse s\u00e9cher et on fait briller !<\/p>\n\n\n\n<p><\/p>\n\n\n\n<h2 class=\"wp-block-heading\"><strong>Recette tir\u00e9e du livre \u00ab\u00a0Peindre et d\u00e9corer au naturel\u00a0\u00bb de Nathalie Boisseau aux \u00e9ditions Altern<\/strong><\/h2>\n\n\n\n<p>La peinture est \u00e0 base d\u2019\u0153uf<\/p>\n\n\n\n<div class=\"wp-block-group\"><div class=\"wp-block-group__inner-container is-layout-constrained wp-block-group-is-layout-constrained\">\n<p>Ingr\u00e9dients :<\/p>\n\n\n\n<ul class=\"wp-block-list\">\n<li>1 \u0153uf<\/li>\n\n\n\n<li>0,5 cl d&rsquo;huile de lin cuite<\/li>\n\n\n\n<li>0,5 cl de vinaigre d&rsquo;alcool blanc<\/li>\n\n\n\n<li>1\/2 c \u00e0 c de pigment en poudre (j&rsquo;en ai mis beaucoup moins&#8230; \u00e0 vu d\u2019\u0153il&#8230;)<\/li>\n\n\n\n<li>1 goutte d&rsquo;huile essentielle de lavande<\/li>\n<\/ul>\n<\/div><\/div>\n\n\n\n<p>Pr\u00e9paration pour 1 godet de peinture :<\/p>\n\n\n\n<p>1) Pour chaque couleur, battre 1 \u0153uf entier au fouet. Ajouter 1 c \u00e0 c d&rsquo;huile de lin, 1 c \u00e0 c de vinaigre, le pigment petit \u00e0 petit selon la couleur d\u00e9sir\u00e9e. M\u00e9langer soigneusement : la peinture est pr\u00eate.<\/p>\n\n\n\n<p>2) Ajouter 1 goutte d&rsquo;H.E. de lavande, pour sa propri\u00e9t\u00e9 aseptisante et d\u00e9sodorisante (pour moi, l&rsquo;huile de lin prenait le dessus \ud83d\ude42 !)<\/p>\n\n\n\n<p>3) Disposer chaque couleur dans un petit pot de confiture (ou petit pot vide de petits suisse pour enfant \ud83d\ude42 !) avec couvercle si possible (du film \u00e9tirable fera aussi l&rsquo;affaire pour moi) et conserver au frais. On peut utiliser la peinture \u00e0 l\u2019\u0153uf pendant une semaine.<\/p>\n\n\n\n<p>On peut aussi d\u00e9layer (\u00e0 chaud) de la cire avec de l&rsquo;huile d&rsquo;olives. (10 g de cire pour 40 g d&rsquo;huile). \u00c7a marche tr\u00e8s bien mais il faut l&rsquo;utiliser \u00e0 chaud&#8230; sinon, cela se fige.<\/p>\n\n\n\n<p><strong><em>Si vous avez d&rsquo;autres recettes&#8230; nous sommes ouverts !<\/em><\/strong><\/p>\n\n\n\n<p>Retrouvez les pigments dans la boutique<\/p>\n\n\n<div class=\"wp-block-image\">\n<figure class=\"aligncenter\"><a href=\"https:\/\/123montessori.fr\/pigment-colore-sachet-de-5-g-90#\/18-couleurs-rouge\" target=\"_blank\" rel=\"noreferrer noopener\"><img decoding=\"async\" src=\"https:\/\/storage.canalblog.com\/82\/71\/1145379\/91243679.jpg\" alt=\"123 vente\"\/><\/a><\/figure>\n<\/div>","protected":false},"excerpt":{"rendered":"<p>Les pigments sont vendus sur la boutique Les pigments color\u00e9s peuvent servir directement m\u00e9lang\u00e9s avec de la cire liquide incolore. La cire qu&rsquo;on trouve en magasin, est souvent dilu\u00e9e \u00e0 l&rsquo;essence de t\u00e9r\u00e9benthine&#8230; Pour ma&hellip; <a href=\"https:\/\/blog.123montessori.fr\/?page_id=542\">Plus<\/a><\/p>\n","protected":false},"author":1,"featured_media":0,"parent":0,"menu_order":0,"comment_status":"closed","ping_status":"closed","template":"","meta":{"footnotes":""},"class_list":["post-542","page","type-page","status-publish","hentry"],"jetpack_sharing_enabled":true,"_links":{"self":[{"href":"https:\/\/blog.123montessori.fr\/index.php?rest_route=\/wp\/v2\/pages\/542","targetHints":{"allow":["GET"]}}],"collection":[{"href":"https:\/\/blog.123montessori.fr\/index.php?rest_route=\/wp\/v2\/pages"}],"about":[{"href":"https:\/\/blog.123montessori.fr\/index.php?rest_route=\/wp\/v2\/types\/page"}],"author":[{"embeddable":true,"href":"https:\/\/blog.123montessori.fr\/index.php?rest_route=\/wp\/v2\/users\/1"}],"replies":[{"embeddable":true,"href":"https:\/\/blog.123montessori.fr\/index.php?rest_route=%2Fwp%2Fv2%2Fcomments&post=542"}],"version-history":[{"count":4,"href":"https:\/\/blog.123montessori.fr\/index.php?rest_route=\/wp\/v2\/pages\/542\/revisions"}],"predecessor-version":[{"id":547,"href":"https:\/\/blog.123montessori.fr\/index.php?rest_route=\/wp\/v2\/pages\/542\/revisions\/547"}],"wp:attachment":[{"href":"https:\/\/blog.123montessori.fr\/index.php?rest_route=%2Fwp%2Fv2%2Fmedia&parent=542"}],"curies":[{"name":"wp","href":"https:\/\/api.w.org\/{rel}","templated":true}]}}